{"id":5,"date":"2011-03-20T02:20:08","date_gmt":"2011-03-20T02:20:08","guid":{"rendered":"http:\/\/mybambooexpress.com\/espanol\/?page_id=5"},"modified":"2022-04-01T18:42:16","modified_gmt":"2022-04-01T18:42:16","slug":"pagina-principal","status":"publish","type":"page","link":"https:\/\/mybambooexpress.com\/espanol\/","title":{"rendered":"Principal"},"content":{"rendered":"\n<p>Bienvenido a Bamboo Express donde su orden siempre es cocinada fresca, cuando la ordena. Con tres lugares para servirle, estamos seguros de satisfacer su gusto de comida China fresca.  <\/p>\n<p>Visite uno de nuestros locales en el \u00e1rea metropolitana de Los \u00c1ngeles.  <\/p>\n<p>Si prefiere dejar la conducci\u00f3n a nosotros. Ll\u00e1menos acerca de nuestro servicio de entrega.<\/p>\n","protected":false},"excerpt":{"rendered":"<p>Bienvenido a Bamboo Express donde su orden siempre es cocinada fresca, cuando la ordena. Con tres lugares para servirle, estamos seguros de satisfacer su gusto de comida China fresca. Visite uno de nuestros locales en el \u00e1rea metropolitana de Los \u00c1ngeles. Si prefiere dejar la conducci\u00f3n a nosotros. Ll\u00e1menos acerca de nuestro servicio de entrega.<\/p>\n","protected":false},"author":1,"featured_media":0,"parent":0,"menu_order":1,"comment_status":"open","ping_status":"closed","template":"","meta":{"footnotes":"","_links_to":"","_links_to_target":""},"class_list":["post-5","page","type-page","status-publish","hentry"],"aioseo_notices":[],"_links":{"self":[{"href":"https:\/\/mybambooexpress.com\/espanol\/wp-json\/wp\/v2\/pages\/5","targetHints":{"allow":["GET"]}}],"collection":[{"href":"https:\/\/mybambooexpress.com\/espanol\/wp-json\/wp\/v2\/pages"}],"about":[{"href":"https:\/\/mybambooexpress.com\/espanol\/wp-json\/wp\/v2\/types\/page"}],"author":[{"embeddable":true,"href":"https:\/\/mybambooexpress.com\/espanol\/wp-json\/wp\/v2\/users\/1"}],"replies":[{"embeddable":true,"href":"https:\/\/mybambooexpress.com\/espanol\/wp-json\/wp\/v2\/comments?post=5"}],"version-history":[{"count":11,"href":"https:\/\/mybambooexpress.com\/espanol\/wp-json\/wp\/v2\/pages\/5\/revisions"}],"predecessor-version":[{"id":197,"href":"https:\/\/mybambooexpress.com\/espanol\/wp-json\/wp\/v2\/pages\/5\/revisions\/197"}],"wp:attachment":[{"href":"https:\/\/mybambooexpress.com\/espanol\/wp-json\/wp\/v2\/media?parent=5"}],"curies":[{"name":"wp","href":"https:\/\/api.w.org\/{rel}","templated":true}]}}