{"id":10,"date":"2011-03-20T05:52:33","date_gmt":"2011-03-20T05:52:33","guid":{"rendered":"http:\/\/mybambooexpress.com\/espanol\/?page_id=10"},"modified":"2011-03-20T07:12:18","modified_gmt":"2011-03-20T07:12:18","slug":"quienes-somos","status":"publish","type":"page","link":"https:\/\/mybambooexpress.com\/espanol\/quienes-somos\/","title":{"rendered":"Quien somos"},"content":{"rendered":"<p>Bamboo Express ofrece una experiencia gastron\u00f3mica informal y c\u00f3moda. Con tres lugares y entrega dentro de un radio de milla, de cualquiera de nuestros tres restaurantes.  Estamos seguros de satisfacer sus antojos de comida China fresca.<br \/>\n<br \/>\nCon platos cl\u00e1sicos y combinaciones tendr\u00e1 mucho de donde escoger y raz\u00f3n para volver y visitar a menudo.<br \/>\n<br \/>\nFundada en 1999, Bamboo Express tiene ahora casi treinta a\u00f1os de experiencia en comida China. Veinte de ellos construidos en las cocinas de cadenas de restaurante chinos. Sabemos lo que se necesita para hacer un plato com\u00fan, extra ordinario.<br \/>\n<br \/>\nSiempre nos esforzamos por satisfacer las expectativas de nuestros clientes en la calidad y frescura. Todos nuestros platos son preparados a la orden, con la selecci\u00f3n de las mejores y m\u00e1s frescas carnes, verduras y mariscos<br \/>\n<br \/>\nVenga a visitar cualquiera de nuestros tres restaurantes o ordene para entraga a domicilio. Nuestra estaci\u00f3n est\u00e1 lista, cuando a usted le llama el apetito. Estamos aqu\u00ed para servirle.<\/p>\n<p><center>&#8220;En Bamboo Express, sientance libres de Expresar su Apetito.&#8221;<\/p>\n","protected":false},"excerpt":{"rendered":"<p>Bamboo Express ofrece una experiencia gastron\u00f3mica informal y c\u00f3moda. Con tres lugares y entrega dentro de un radio de milla, de cualquiera de nuestros tres restaurantes. Estamos seguros de satisfacer sus antojos de comida China fresca. Con platos cl\u00e1sicos y combinaciones tendr\u00e1 mucho de donde escoger y raz\u00f3n para volver y visitar a menudo. Fundada [&hellip;]<\/p>\n","protected":false},"author":1,"featured_media":0,"parent":0,"menu_order":3,"comment_status":"open","ping_status":"closed","template":"","meta":{"footnotes":"","_links_to":"","_links_to_target":""},"class_list":["post-10","page","type-page","status-publish","hentry"],"aioseo_notices":[],"_links":{"self":[{"href":"https:\/\/mybambooexpress.com\/espanol\/wp-json\/wp\/v2\/pages\/10","targetHints":{"allow":["GET"]}}],"collection":[{"href":"https:\/\/mybambooexpress.com\/espanol\/wp-json\/wp\/v2\/pages"}],"about":[{"href":"https:\/\/mybambooexpress.com\/espanol\/wp-json\/wp\/v2\/types\/page"}],"author":[{"embeddable":true,"href":"https:\/\/mybambooexpress.com\/espanol\/wp-json\/wp\/v2\/users\/1"}],"replies":[{"embeddable":true,"href":"https:\/\/mybambooexpress.com\/espanol\/wp-json\/wp\/v2\/comments?post=10"}],"version-history":[{"count":3,"href":"https:\/\/mybambooexpress.com\/espanol\/wp-json\/wp\/v2\/pages\/10\/revisions"}],"predecessor-version":[{"id":67,"href":"https:\/\/mybambooexpress.com\/espanol\/wp-json\/wp\/v2\/pages\/10\/revisions\/67"}],"wp:attachment":[{"href":"https:\/\/mybambooexpress.com\/espanol\/wp-json\/wp\/v2\/media?parent=10"}],"curies":[{"name":"wp","href":"https:\/\/api.w.org\/{rel}","templated":true}]}}